{"id":47692,"date":"2025-02-22T11:55:25","date_gmt":"2025-02-22T10:55:25","guid":{"rendered":"https:\/\/boffi.local\/?page_id=47692"},"modified":"2025-03-17T11:07:52","modified_gmt":"2025-03-17T10:07:52","slug":"cookie-policy","status":"publish","type":"page","link":"https:\/\/www.boffi.com\/de\/cookie-policy\/","title":{"rendered":"Cookie-Richtlinie"},"content":{"rendered":"\t\t<div data-elementor-type=\"wp-page\" data-elementor-id=\"47692\" class=\"elementor elementor-47692 elementor-42165\" data-elementor-post-type=\"page\">\n\t\t\t\t\t\t<section class=\"elementor-section elementor-top-section elementor-element elementor-element-142d701 elementor-section-boxed elementor-section-height-default elementor-section-height-default\" data-id=\"142d701\" data-element_type=\"section\">\n\t\t\t\t\t\t<div class=\"elementor-container elementor-column-gap-default\">\n\t\t\t\t\t<div class=\"elementor-column elementor-col-100 elementor-top-column elementor-element elementor-element-8a08406\" data-id=\"8a08406\" data-element_type=\"column\">\n\t\t\t<div class=\"elementor-widget-wrap elementor-element-populated\">\n\t\t\t\t\t\t<div class=\"elementor-element elementor-element-50cdea9 elementor-widget elementor-widget-heading\" data-id=\"50cdea9\" data-element_type=\"widget\" data-widget_type=\"heading.default\">\n\t\t\t\t<div class=\"elementor-widget-container\">\n\t\t\t\t\t<h1 class=\"elementor-heading-title elementor-size-default\">COOKIE-RICHTLINIE - Erweiterte Informationen zu Cookies<\/h1>\t\t\t\t<\/div>\n\t\t\t\t<\/div>\n\t\t\t\t<div class=\"elementor-element elementor-element-8c99356 elementor-widget elementor-widget-text-editor\" data-id=\"8c99356\" data-element_type=\"widget\" data-widget_type=\"text-editor.default\">\n\t\t\t\t<div class=\"elementor-widget-container\">\n\t\t\t\t\t\t\t\t\t<h2><strong>Was sind Cookies<\/strong><\/h2>\n<p>Cookies sind kleine Textdateien, welche die von Benutzern besuchten Websites an ihre Terminals senden, wo sie gespeichert werden, bevor sie beim n\u00e4chsten Besuch erneut an dieselben Websites \u00fcbertragen werden. Die Cookies der sogenannten \u201eDritten\u201c werden stattdessen von einer anderen Webseite gesetzt als der, die der Nutzer besucht. Dies liegt daran, dass sich auf jeder Webseite Elemente (Bilder, Karten, T\u00f6ne, spezifische Links zu Webseiten anderer Domains usw.) befinden k\u00f6nnen, die sich auf anderen Servern als dem der besuchten Webseite befinden. Cookies werden f\u00fcr verschiedene Zwecke verwendet: zur Durchf\u00fchrung von Computerauthentifizierungen, zur \u00dcberwachung von Sitzungen, zur Speicherung von Informationen \u00fcber bestimmte Konfigurationen in Bezug auf Benutzer, die auf den Server zugreifen, zur Speicherung von Pr\u00e4ferenzen usw. Nachfolgend finden Sie alle Informationen zu den auf dieser Webseite installierten Cookies und die erforderlichen Anweisungen, wie Sie Ihre diesbez\u00fcglichen Pr\u00e4ferenzen verwalten k\u00f6nnen.<\/p>\n<p>Weitere Informationen \u00fcber Cookies und ihre allgemeinen Funktionen finden Sie auf informativen Webseiten wie <a href=\"http:\/\/www.allaboutcookies.org\/\">allaboutcookies.org<\/a><strong> <\/strong><\/p>\n<h3>Beispiele f\u00fcr andere Technologien<\/h3>\n<p><strong>Localstorage <\/strong><\/p>\n<p>ist eine Technologie zur Optimierung der Navigation, die keine Daten \u00fcber die vom Benutzer ge\u00e4u\u00dferten Pr\u00e4ferenzen sammelt (z. B. Es speichert einen Code, der die Sitzung des Benutzers nach dem Einloggen identifiziert, um zu vermeiden, dass der Benutzer beim Zugriff auf gesch\u00fctzte Bereiche auf jeder Profilseite seinen Benutzernamen und sein Passwort eingeben muss.<\/p>\n<p><strong>Tracking-Pixel<\/strong><\/p>\n<p>\u201eTracking-Code\u201c oder \u201e\u00dcberwachungscode\u201c ist genau ein kleiner Teil des Codes, der von einigen Systemen mit dem Ziel der Implementierung in anderen freigegeben wird, um einige Daten \u00fcber den Benutzer und seine Browsersitzung oder das \u00d6ffnen von E-Mails auf eine f\u00fcr den Benutzer v\u00f6llig transparente Weise zu verfolgen. Die Daten, die verfolgt werden, k\u00f6nnen die unterschiedlichsten sein, wie Tag und Uhrzeit, geografischer Standort, Art des f\u00fcr die Navigation verwendeten Ger\u00e4ts, bis hin zu den komplexesten Z\u00e4hlpixeln, um den f\u00fcr eine Bestellung ausgegebenen Wert zu \u00fcberwachen, und andere n\u00fctzliche Informationen f\u00fcr Marketingabteilungen der Unternehmen, die sie verwenden.<\/p>\n<p><strong>Plugin<\/strong><\/p>\n<p>ist ein Programm, das mit einem anderen Programm interagiert, um seine urspr\u00fcngliche Funktionalit\u00e4t zu erweitern oder zu erweitern. Die am h\u00e4ufigsten verwendeten Plugins sind die von sozialen Netzwerken, die es dem Benutzer beispielsweise erm\u00f6glichen, einer Seite oder einem sozialen Profil mit einem Klick zu folgen, mit einem Klick anzuzeigen, dass ihm ein Webinhalt gefallen hat, und ihn in seinem sozialen Netzwerkprofil zu teilen usw.<\/p>\n<p><strong>Widget<\/strong><\/p>\n<p>ist eine grafische Benutzeroberfl\u00e4chenkomponente eines Programms, die den Zweck hat, die Interaktion des Benutzers mit dem Programm selbst zu erleichtern. Die am h\u00e4ufigsten verwendeten Widgets sind die von sozialen Netzwerken, die es Benutzern erm\u00f6glichen, soziale Netzwerke einfach in einem separaten Browserfenster zu \u00f6ffnen.<\/p>\n<p>Diese Dienste erm\u00f6glichen Interaktionen mit sozialen Netzwerken oder anderen externen Plattformen direkt von den Seiten einer Website aus. Die Interaktionen und Informationen, die m\u00f6glicherweise von der Website erfasst werden, unterliegen den Datenschutzeinstellungen des Dritten, der die oben genannten Technologien erstellt hat. Um detaillierte Informationen gem\u00e4\u00df Art. 13 Verordnung (EU) 2016\/679 \u00fcber die Verwendung personenbezogener Daten, die bei der Nutzung dieser Technologien verarbeitet werden, laden wir Sie ein, die Webseiten von Drittanbietern der oben genannten Technologien zu besuchen.<\/p>\n<p>Denken Sie daran, dass Sie Ihre Cookie-Einstellungen auch \u00fcber Ihren Browser verwalten k\u00f6nnen.<\/p>\n<p>Wenn Sie nicht wissen, welchen Browsertyp und welche Browserversion Sie verwenden, klicken Sie oben im Browserfenster auf \u201eHilfe\u201c, von wo aus Sie auf alle erforderlichen Informationen zugreifen k\u00f6nnen. Wenn Sie Ihren Browser kennen, klicken Sie auf den, den Sie verwenden, um auf die Cookie-Verwaltungsseite zuzugreifen. Benutzer k\u00f6nnen beispielsweise Informationen zur Verwaltung von Cookies in einigen der beliebtesten Browser unter den folgenden Adressen finden:<\/p>\n<ul>\n<li><a href=\"https:\/\/support.google.com\/chrome\/answer\/95647?hl=it&amp;p=cpn_cookies\">Google Chrome<\/a><\/li>\n<li><a href=\"https:\/\/support.mozilla.org\/it\/kb\/Attivare%20e%20disattivare%20i%20cookie\">Mozilla Firefox<\/a><\/li>\n<li><a href=\"https:\/\/support.apple.com\/it-it\/guide\/safari\/manage-cookies-and-website-data-sfri11471\/\">Apple Safari<\/a><\/li>\n<li><a href=\"http:\/\/windows.microsoft.com\/it-it\/windows-vista\/block-or-allow-cookies\">Microsoft Internet Explorer<\/a><\/li>\n<li><a href=\"https:\/\/support.microsoft.com\/it-it\/help\/4027947\">Microsoft Edge<\/a><\/li>\n<li><a href=\"https:\/\/support.brave.com\/hc\/articles\/360022806212-How-do-I-use-Shields-while-browsing\">Brave<\/a><\/li>\n<li><a href=\"https:\/\/help.opera.com\/latest\/web-preferences\/#cookies\">Opera<\/a><\/li>\n<\/ul>\n<p>Weitere Informationen finden Sie auf der Seite\u00a0<a href=\"http:\/\/www.youronlinechoices.eu\"> www.youronlinechoices.eu<\/a><\/p>\n<h2>Cookies, die von dieser Website verwendet werden<\/h2>\n<p>Die Verwendung von Cookies durch den Eigent\u00fcmer dieser Website, BOFFI S.p.A., Via Oberdan, 70 \u2013 20823 Lentate sul Seveso (MB), in Person des gesetzlichen vor\u00fcbergehenden Vertreters E-Mail-Kontakt privacy@boffi.com ist Teil der Datenschutzerkl\u00e4rung derselben; f\u00fcr alle von Art. 13 EU-Verordnung 2016\/679 \u2013 DSGVO <a href=\"https:\/\/www.boffi.com\/de\/privacy-policy-general\/\"><u>hier klicken.<\/u><\/a><\/p>\n<p>Das Schlie\u00dfen des Banners wirkt sich dauerhaft auf die Standardeinstellungen und damit auf die Fortsetzung des Surfens in Abwesenheit von Cookies oder anderen als technischen Tracking-Tools aus.<\/p>\n<h3>Technische Cookies, die keine Zustimmung erfordern<\/h3>\n<p>Cookies im Zusammenhang mit Aktivit\u00e4ten, die f\u00fcr den Betrieb der Website und die Bereitstellung des Dienstes unbedingt erforderlich sind<\/p>\n\t\t\t\t\t\t\t\t<\/div>\n\t\t\t\t<\/div>\n\t\t\t\t<div class=\"elementor-element elementor-element-6bbfdc8 elementor-widget elementor-widget-html\" data-id=\"6bbfdc8\" data-element_type=\"widget\" data-widget_type=\"html.default\">\n\t\t\t\t<div class=\"elementor-widget-container\">\n\t\t\t\t\t<a href=\"https:\/\/www.iubenda.com\/privacy-policy\/69491992\/cookie-policy\/section\/technical-cookies\" class=\"iubenda-nostyle no-brand iubenda-noiframe iubenda-embed iub-legal-only iubenda-noiframe iub-body-embed\" title=\"Cookie-Richtlinie\">Cookie-Richtlinie<\/a><script type=\"text\/javascript\">(function (w,d) {var loader = function () {var s = d.createElement(\"script\"), tag = d.getElementsByTagName(\"script\")[0]; s.src=\"https:\/\/cdn.iubenda.com\/iubenda.js\"; tag.parentNode.insertBefore(s,tag);}; if(w.addEventListener){w.addEventListener(\"load\", loader, false);}else if(w.attachEvent){w.attachEvent(\"onload\", loader);}else{w.onload = loader;}})(window, document);<\/script>\t\t\t\t<\/div>\n\t\t\t\t<\/div>\n\t\t\t\t<div class=\"elementor-element elementor-element-22066b4 elementor-widget elementor-widget-html\" data-id=\"22066b4\" data-element_type=\"widget\" data-widget_type=\"html.default\">\n\t\t\t\t<div class=\"elementor-widget-container\">\n\t\t\t\t\t<a href=\"https:\/\/www.iubenda.com\/privacy-policy\/69491992\/cookie-policy\/section\/other-types-cookies\" class=\"iubenda-nostyle no-brand iubenda-noiframe iubenda-embed iub-legal-only iubenda-noiframe iub-body-embed\" title=\"Cookie-Richtlinie\">Cookie-Richtlinie<\/a><script type=\"text\/javascript\">(function (w,d) {var loader = function () {var s = d.createElement(\"script\"), tag = d.getElementsByTagName(\"script\")[0]; s.src=\"https:\/\/cdn.iubenda.com\/iubenda.js\"; tag.parentNode.insertBefore(s,tag);}; if(w.addEventListener){w.addEventListener(\"load\", loader, false);}else if(w.attachEvent){w.attachEvent(\"onload\", loader);}else{w.onload = loader;}})(window, document);<\/script>\t\t\t\t<\/div>\n\t\t\t\t<\/div>\n\t\t\t\t<div class=\"elementor-element elementor-element-cf7ea47 elementor-widget elementor-widget-text-editor\" data-id=\"cf7ea47\" data-element_type=\"widget\" data-widget_type=\"text-editor.default\">\n\t\t\t\t<div class=\"elementor-widget-container\">\n\t\t\t\t\t\t\t\t\t<p>Aktualisiert am 13. Juli 2023<\/p>\n\t\t\t\t\t\t\t\t<\/div>\n\t\t\t\t<\/div>\n\t\t\t\t\t<\/div>\n\t\t<\/div>\n\t\t\t\t\t<\/div>\n\t\t<\/section>\n\t\t\t\t<\/div>\n\t\t","protected":false},"excerpt":{"rendered":"<p>COOKIE-RICHTLINIE &#8211; Erweiterte Informationen zu Cookies Was sind Cookies Cookies sind kleine Textdateien, welche die von Benutzern besuchten Websites an ihre Terminals senden, wo sie gespeichert werden, bevor sie beim n\u00e4chsten Besuch erneut an dieselben Websites \u00fcbertragen werden. Die Cookies der sogenannten \u201eDritten\u201c werden stattdessen von einer anderen Webseite gesetzt als der, die der Nutzer [&hellip;]<\/p>\n","protected":false},"author":2,"featured_media":0,"parent":0,"menu_order":0,"comment_status":"closed","ping_status":"closed","template":"","meta":{"_acf_changed":false,"footnotes":""},"class_list":["post-47692","page","type-page","status-publish","hentry"],"acf":[],"yoast_head":"<!-- This site is optimized with the Yoast SEO plugin v26.9 - https:\/\/yoast.com\/product\/yoast-seo-wordpress\/ -->\n<title>Cookie-Richtlinie | Boffi Official Site<\/title>\n<meta name=\"robots\" content=\"noindex, nofollow\" \/>\n<meta property=\"og:locale\" content=\"de_DE\" \/>\n<meta property=\"og:type\" content=\"article\" \/>\n<meta property=\"og:title\" content=\"Cookie-Richtlinie | Boffi Official Site\" \/>\n<meta property=\"og:description\" content=\"COOKIE-RICHTLINIE &#8211; Erweiterte Informationen zu Cookies Was sind Cookies Cookies sind kleine Textdateien, welche die von Benutzern besuchten Websites an ihre Terminals senden, wo sie gespeichert werden, bevor sie beim n\u00e4chsten Besuch erneut an dieselben Websites \u00fcbertragen werden. Die Cookies der sogenannten \u201eDritten\u201c werden stattdessen von einer anderen Webseite gesetzt als der, die der Nutzer [&hellip;]\" \/>\n<meta property=\"og:url\" content=\"https:\/\/www.boffi.com\/de\/cookie-policy\/\" \/>\n<meta property=\"og:site_name\" content=\"Boffi Official Site\" \/>\n<meta property=\"article:publisher\" content=\"https:\/\/www.facebook.com\/BoffiOfficial\/\" \/>\n<meta property=\"article:modified_time\" content=\"2025-03-17T10:07:52+00:00\" \/>\n<meta property=\"og:image\" content=\"https:\/\/www.boffi.com\/wp-content\/uploads\/2024\/01\/Boffi90_Logo_1200x1200.png\" \/>\n\t<meta property=\"og:image:width\" content=\"1200\" \/>\n\t<meta property=\"og:image:height\" content=\"1200\" \/>\n\t<meta property=\"og:image:type\" content=\"image\/png\" \/>\n<meta name=\"twitter:card\" content=\"summary_large_image\" \/>\n<meta name=\"twitter:label1\" content=\"Gesch\u00e4tzte Lesezeit\" \/>\n\t<meta name=\"twitter:data1\" content=\"4\u00a0Minuten\" \/>\n<script type=\"application\/ld+json\" class=\"yoast-schema-graph\">{\"@context\":\"https:\/\/schema.org\",\"@graph\":[{\"@type\":\"WebPage\",\"@id\":\"https:\/\/www.boffi.com\/de\/cookie-policy\/\",\"url\":\"https:\/\/www.boffi.com\/de\/cookie-policy\/\",\"name\":\"Cookie-Richtlinie | Boffi Official Site\",\"isPartOf\":{\"@id\":\"https:\/\/www.boffi.com\/de\/#website\"},\"datePublished\":\"2025-02-22T10:55:25+00:00\",\"dateModified\":\"2025-03-17T10:07:52+00:00\",\"inLanguage\":\"de\",\"potentialAction\":[{\"@type\":\"ReadAction\",\"target\":[\"https:\/\/www.boffi.com\/de\/cookie-policy\/\"]}]},{\"@type\":\"WebSite\",\"@id\":\"https:\/\/www.boffi.com\/de\/#website\",\"url\":\"https:\/\/www.boffi.com\/de\/\",\"name\":\"Boffi\",\"description\":\"\",\"publisher\":{\"@id\":\"https:\/\/www.boffi.com\/de\/#organization\"},\"potentialAction\":[{\"@type\":\"SearchAction\",\"target\":{\"@type\":\"EntryPoint\",\"urlTemplate\":\"https:\/\/www.boffi.com\/de\/?s={search_term_string}\"},\"query-input\":{\"@type\":\"PropertyValueSpecification\",\"valueRequired\":true,\"valueName\":\"search_term_string\"}}],\"inLanguage\":\"de\"},{\"@type\":\"Organization\",\"@id\":\"https:\/\/www.boffi.com\/de\/#organization\",\"name\":\"Boffi\",\"url\":\"https:\/\/www.boffi.com\/de\/\",\"logo\":{\"@type\":\"ImageObject\",\"inLanguage\":\"de\",\"@id\":\"https:\/\/www.boffi.com\/de\/#\/schema\/logo\/image\/\",\"url\":\"https:\/\/www.boffi.com\/wp-content\/uploads\/2024\/01\/Boffi90_Logo_1200x1200.png\",\"contentUrl\":\"https:\/\/www.boffi.com\/wp-content\/uploads\/2024\/01\/Boffi90_Logo_1200x1200.png\",\"width\":1200,\"height\":1200,\"caption\":\"Boffi\"},\"image\":{\"@id\":\"https:\/\/www.boffi.com\/de\/#\/schema\/logo\/image\/\"},\"sameAs\":[\"https:\/\/www.facebook.com\/BoffiOfficial\/\",\"https:\/\/www.instagram.com\/boffi_official\/\",\"https:\/\/www.pinterest.it\/boffidepadova\/\"]}]}<\/script>\n<!-- \/ Yoast SEO plugin. -->","yoast_head_json":{"title":"Cookie-Richtlinie | Boffi Official Site","robots":{"index":"noindex","follow":"nofollow"},"og_locale":"de_DE","og_type":"article","og_title":"Cookie-Richtlinie | Boffi Official Site","og_description":"COOKIE-RICHTLINIE &#8211; Erweiterte Informationen zu Cookies Was sind Cookies Cookies sind kleine Textdateien, welche die von Benutzern besuchten Websites an ihre Terminals senden, wo sie gespeichert werden, bevor sie beim n\u00e4chsten Besuch erneut an dieselben Websites \u00fcbertragen werden. Die Cookies der sogenannten \u201eDritten\u201c werden stattdessen von einer anderen Webseite gesetzt als der, die der Nutzer [&hellip;]","og_url":"https:\/\/www.boffi.com\/de\/cookie-policy\/","og_site_name":"Boffi Official Site","article_publisher":"https:\/\/www.facebook.com\/BoffiOfficial\/","article_modified_time":"2025-03-17T10:07:52+00:00","og_image":[{"width":1200,"height":1200,"url":"https:\/\/www.boffi.com\/wp-content\/uploads\/2024\/01\/Boffi90_Logo_1200x1200.png","type":"image\/png"}],"twitter_card":"summary_large_image","twitter_misc":{"Gesch\u00e4tzte Lesezeit":"4\u00a0Minuten"},"schema":{"@context":"https:\/\/schema.org","@graph":[{"@type":"WebPage","@id":"https:\/\/www.boffi.com\/de\/cookie-policy\/","url":"https:\/\/www.boffi.com\/de\/cookie-policy\/","name":"Cookie-Richtlinie | Boffi Official Site","isPartOf":{"@id":"https:\/\/www.boffi.com\/de\/#website"},"datePublished":"2025-02-22T10:55:25+00:00","dateModified":"2025-03-17T10:07:52+00:00","inLanguage":"de","potentialAction":[{"@type":"ReadAction","target":["https:\/\/www.boffi.com\/de\/cookie-policy\/"]}]},{"@type":"WebSite","@id":"https:\/\/www.boffi.com\/de\/#website","url":"https:\/\/www.boffi.com\/de\/","name":"Boffi","description":"","publisher":{"@id":"https:\/\/www.boffi.com\/de\/#organization"},"potentialAction":[{"@type":"SearchAction","target":{"@type":"EntryPoint","urlTemplate":"https:\/\/www.boffi.com\/de\/?s={search_term_string}"},"query-input":{"@type":"PropertyValueSpecification","valueRequired":true,"valueName":"search_term_string"}}],"inLanguage":"de"},{"@type":"Organization","@id":"https:\/\/www.boffi.com\/de\/#organization","name":"Boffi","url":"https:\/\/www.boffi.com\/de\/","logo":{"@type":"ImageObject","inLanguage":"de","@id":"https:\/\/www.boffi.com\/de\/#\/schema\/logo\/image\/","url":"https:\/\/www.boffi.com\/wp-content\/uploads\/2024\/01\/Boffi90_Logo_1200x1200.png","contentUrl":"https:\/\/www.boffi.com\/wp-content\/uploads\/2024\/01\/Boffi90_Logo_1200x1200.png","width":1200,"height":1200,"caption":"Boffi"},"image":{"@id":"https:\/\/www.boffi.com\/de\/#\/schema\/logo\/image\/"},"sameAs":["https:\/\/www.facebook.com\/BoffiOfficial\/","https:\/\/www.instagram.com\/boffi_official\/","https:\/\/www.pinterest.it\/boffidepadova\/"]}]}},"_links":{"self":[{"href":"https:\/\/www.boffi.com\/de\/wp-json\/wp\/v2\/pages\/47692","targetHints":{"allow":["GET"]}}],"collection":[{"href":"https:\/\/www.boffi.com\/de\/wp-json\/wp\/v2\/pages"}],"about":[{"href":"https:\/\/www.boffi.com\/de\/wp-json\/wp\/v2\/types\/page"}],"author":[{"embeddable":true,"href":"https:\/\/www.boffi.com\/de\/wp-json\/wp\/v2\/users\/2"}],"replies":[{"embeddable":true,"href":"https:\/\/www.boffi.com\/de\/wp-json\/wp\/v2\/comments?post=47692"}],"version-history":[{"count":8,"href":"https:\/\/www.boffi.com\/de\/wp-json\/wp\/v2\/pages\/47692\/revisions"}],"predecessor-version":[{"id":76812,"href":"https:\/\/www.boffi.com\/de\/wp-json\/wp\/v2\/pages\/47692\/revisions\/76812"}],"wp:attachment":[{"href":"https:\/\/www.boffi.com\/de\/wp-json\/wp\/v2\/media?parent=47692"}],"curies":[{"name":"wp","href":"https:\/\/api.w.org\/{rel}","templated":true}]}}