{"id":47674,"date":"2025-02-22T11:55:23","date_gmt":"2025-02-22T10:55:23","guid":{"rendered":"https:\/\/boffi.local\/?page_id=47674"},"modified":"2025-03-17T09:53:28","modified_gmt":"2025-03-17T08:53:28","slug":"privacy-policy-general","status":"publish","type":"page","link":"https:\/\/www.boffi.com\/fr\/privacy-policy-general\/","title":{"rendered":"Pied de page Politique de confidentialit\u00e9"},"content":{"rendered":"\t\t<div data-elementor-type=\"wp-page\" data-elementor-id=\"47674\" class=\"elementor elementor-47674 elementor-42152\" data-elementor-post-type=\"page\">\n\t\t\t\t\t\t<section class=\"elementor-section elementor-top-section elementor-element elementor-element-088132f elementor-section-boxed elementor-section-height-default elementor-section-height-default\" data-id=\"088132f\" data-element_type=\"section\">\n\t\t\t\t\t\t<div class=\"elementor-container elementor-column-gap-default\">\n\t\t\t\t\t<div class=\"elementor-column elementor-col-100 elementor-top-column elementor-element elementor-element-dadb7d8\" data-id=\"dadb7d8\" data-element_type=\"column\">\n\t\t\t<div class=\"elementor-widget-wrap elementor-element-populated\">\n\t\t\t\t\t\t<div class=\"elementor-element elementor-element-4b4f8bf elementor-widget elementor-widget-text-editor\" data-id=\"4b4f8bf\" data-element_type=\"widget\" data-widget_type=\"text-editor.default\">\n\t\t\t\t<div class=\"elementor-widget-container\">\n\t\t\t\t\t\t\t\t\t<p><strong>DOCUMENT D&#8217;INFORMATIONS CONFORM\u00c9MENT \u00c0 L&#8217;ARTICLE 13 DU R\u00c8GLEMENT (UE) 2016\/679 \u2013 RGPD<\/strong><\/p>\n<p><strong>Avis concernant le traitement des donn\u00e9es \u00e0 caract\u00e8re personnel collect\u00e9es aupr\u00e8s de la personne concern\u00e9e\/utilisateur \u2013 ET \u00c0 L&#8217;ARTICLE 130 \u2013 Communications non sollicit\u00e9es en vertu du D\u00e9cret l\u00e9gislatif 196\/2003<\/strong><\/p>\n<p>POURQUOI CES INFORMATIONS\u00a0?<\/strong><\/p>\n<p>Conform\u00e9ment au R\u00e8glement (UE) 2016\/679 (ci-apr\u00e8s \u00ab\u00a0RGPD\u00a0\u00bb), cette page d\u00e9crit les m\u00e9thodes de traitement des donn\u00e9es \u00e0 caract\u00e8re personnel. Cet avis est fourni conform\u00e9ment \u00e0 l&#8217;article 13 du RGPD. Il ne s&#8217;applique pas aux sites Web de tiers qui peuvent \u00eatre accessibles via des liens sur les sites Web de domaine du responsable du traitement, pour lesquels aucune responsabilit\u00e9 n&#8217;est assum\u00e9e.<\/p>\n<p><strong>DONN\u00c9ES TRAIT\u00c9ES<\/strong><\/p>\n<p><strong>Donn\u00e9es \u00e0 caract\u00e8re personnel (article 4 du RGPD)\u00a0:<\/strong><\/p>\n<p>Toute information concernant une personne physique identifi\u00e9e ou identifiable. Une personne physique identifiable est une personne qui peut \u00eatre identifi\u00e9e, directement ou indirectement, par un identifiant tel qu&#8217;un nom, un num\u00e9ro d&#8217;identification, des donn\u00e9es de localisation, un identifiant en ligne ou un ou plusieurs facteurs sp\u00e9cifiques \u00e0 son identit\u00e9 physique, physiologique, g\u00e9n\u00e9tique, mentale, \u00e9conomique, culturelle ou sociale.<\/p>\n<p><strong>Donn\u00e9es des contractants\/utilisateurs<\/strong><\/p>\n<ul>\n<li><strong>Donn\u00e9es de navigation<\/strong>\u00a0: Informations collect\u00e9es automatiquement par les syst\u00e8mes informatiques et les proc\u00e9dures logicielles n\u00e9cessaires au fonctionnement du site Web.<\/li>\n<li><strong>Donn\u00e9es fournies volontairement<\/strong>\u00a0: Informations fournies par les utilisateurs par le biais de messages, de courriels ou de formulaires de collecte de donn\u00e9es.<\/li>\n<li><strong>Informations sur les donn\u00e9es personnelles trait\u00e9es via les r\u00e9seaux sociaux<\/strong>\u00a0: Pour le traitement effectu\u00e9 par les fournisseurs de plateformes de m\u00e9dias sociaux, veuillez vous r\u00e9f\u00e9rer \u00e0 leurs politiques de confidentialit\u00e9 respectives. Le Responsable du traitement traite les donn\u00e9es personnelles fournies par les utilisateurs pour g\u00e9rer les interactions (commentaires, publications publiques, etc.) conform\u00e9ment \u00e0 la r\u00e9glementation applicable.<\/li>\n<\/ul>\n<p><strong>COOKIES ET AUTRES SYST\u00c8MES DE SUIVI<\/strong><\/p>\n<p>Pour plus d&#8217;informations sur les cookies et autres technologies de suivi utilis\u00e9s, veuillez vous r\u00e9f\u00e9rer \u00e0 la politique en mati\u00e8re de cookies disponible en pied de page du site Web.<\/p>\n<p><strong>\u00a0<\/strong><\/p>\n<p><strong>\u00a0<\/strong><\/p>\n<ol>\n<li><strong> RESPONSABLE DU TRAITEMENT DES DONN\u00c9ES<\/strong><\/li>\n<\/ol>\n<p>Conform\u00e9ment aux articles 4 et 24 du RGPD, le Responsable du traitement des donn\u00e9es est <strong>Boffi S.p.A., Via Oberdan, 70 \u2013 20823 Lentate sul Seveso (MB), Italie<\/strong>.<br \/>Contact\u00a0: <strong>privacy@boffi.com<\/strong>.<\/p>\n<ol start=\"2\">\n<li><strong> D\u00c9L\u00c9GU\u00c9 \u00c0 LA PROTECTION DES DONN\u00c9ES (DPO)<\/strong><\/li>\n<\/ol>\n<p>Nomm\u00e9 conform\u00e9ment aux articles 37 \u00e0 39 du RGPD.<br \/>Contact\u00a0:\u00a0<strong>dpo.boffi@dpoprofessionalservice.it<\/strong>.<\/p>\n<ol start=\"3\">\n<li><strong> FINALIT\u00c9 DU TRAITEMENT &#8211; BASE JURIDIQUE &#8211; P\u00c9RIODE DE CONSERVATION DES DONN\u00c9ES<\/strong><\/li>\n<\/ol>\n<table>\n<tbody>\n<tr>\n<td>\n<p><strong>Finalit\u00e9 du traitement<\/strong><\/p>\n<\/td>\n<td>\n<p><strong>Base juridique<\/strong><\/p>\n<\/td>\n<td>\n<p><strong>P\u00e9riode de conservation<\/strong><\/p>\n<\/td>\n<\/tr>\n<tr>\n<td>\n<p>Navigation sur le site Web et collecte d&#8217;informations statistiques<\/p>\n<\/td>\n<td>\n<p>Le traitement est n\u00e9cessaire \u00e0 la poursuite de l&#8217;int\u00e9r\u00eat l\u00e9gitime du responsable du traitement ou de tiers, conform\u00e9ment \u00e0 l&#8217;article 6, paragraphe 1, point f), du RGPD.<\/p>\n<\/td>\n<td>\n<p>Les donn\u00e9es de navigation sont conserv\u00e9es pendant la dur\u00e9e de la session et pas plus de sept jours, sauf lorsque cela est n\u00e9cessaire pour les enqu\u00eates judiciaires.<\/p>\n<\/td>\n<\/tr>\n<tr>\n<td>\n<p>Garantie du bon fonctionnement des services<\/p>\n<\/td>\n<td>\n<p>Le traitement est n\u00e9cessaire \u00e0 la poursuite de l&#8217;int\u00e9r\u00eat l\u00e9gitime du responsable du traitement ou de tiers, conform\u00e9ment \u00e0 l&#8217;article 6, paragraphe 1, point f), du RGPD.<\/p>\n<\/td>\n<td>\n<p>Les donn\u00e9es de navigation sont conserv\u00e9es pendant la dur\u00e9e de la session et pas plus de sept jours, sauf lorsque cela est n\u00e9cessaire pour les enqu\u00eates judiciaires.<\/p>\n<\/td>\n<\/tr>\n<tr>\n<td>\n<p>Responsabilit\u00e9 de l\u2019enqu\u00eate en cas de cybercriminalit\u00e9<\/p>\n<\/td>\n<td>\n<p>Le traitement est n\u00e9cessaire \u00e0 la poursuite de l&#8217;int\u00e9r\u00eat l\u00e9gitime du responsable du traitement ou de tiers, conform\u00e9ment \u00e0 l&#8217;article 6, paragraphe 1, point f), du RGPD.<\/p>\n<\/td>\n<td>\n<p>Les donn\u00e9es de navigation sont conserv\u00e9es pendant la dur\u00e9e de la session et pas plus de sept jours, sauf lorsque cela est n\u00e9cessaire pour les enqu\u00eates judiciaires.<\/p>\n<\/td>\n<\/tr>\n<\/tbody>\n<\/table>\n<ol start=\"4\">\n<li><strong> NATURE DE LA FOURNITURE ET DU REFUS DES DONN\u00c9ES<\/strong><\/li>\n<\/ol>\n<p>\u00c0 l\u2019exception des donn\u00e9es de navigation, qui sont n\u00e9cessaires, les utilisateurs sont libres de fournir ou non leurs donn\u00e9es personnelles. La non communication de ces donn\u00e9es entra\u00eenera l&#8217;impossibilit\u00e9 de recevoir les services demand\u00e9s.<\/p>\n<ol start=\"5\">\n<li><strong> DESTINATAIRES DES DONN\u00c9ES<\/strong><\/li>\n<\/ol>\n<p>Les donn\u00e9es peuvent \u00eatre divulgu\u00e9es \u00e0\u00a0:<\/p>\n<ul>\n<li>Fournisseurs de services de site Web<\/li>\n<li>Soci\u00e9t\u00e9s de conseil ou entreprises<\/li>\n<li>Plateformes de r\u00e9seaux sociaux<\/li>\n<li>Autorit\u00e9s comp\u00e9tentes pour la conformit\u00e9 juridique<\/li>\n<\/ul>\n<p>La liste mise \u00e0 jour des responsables des traitements de donn\u00e9es est disponible sur demande \u00e0 l&#8217;adresse\u00a0<strong>privacy@boffi.com<\/strong>.<\/p>\n<ol start=\"6\">\n<li><strong> TRANSFERT DE DONN\u00c9ES VERS DES PAYS TIERS<\/strong><\/li>\n<\/ol>\n<p>Le site Web est h\u00e9berg\u00e9 dans les pays de l&#8217;UE. Si des donn\u00e9es sont transf\u00e9r\u00e9es en dehors de l&#8217;UE, cela a lieu dans le respect des garanties \u00e9nonc\u00e9es aux articles 44 et suivants du RGPD.<\/p>\n<ol start=\"7\">\n<li><strong> PRISE DE D\u00c9CISION AUTOMATIS\u00c9E<\/strong><\/li>\n<\/ol>\n<p>Les donn\u00e9es personnelles sont trait\u00e9es manuellement et \u00e9lectroniquement. Aucun processus d\u00e9cisionnel enti\u00e8rement automatis\u00e9 n&#8217;est effectu\u00e9.<\/p>\n<ol start=\"8\">\n<li><strong> DROITS DES PERSONNES CONCERN\u00c9ES<\/strong><\/li>\n<\/ol>\n<p>Les utilisateurs ont les droits suivants\u00a0:<\/p>\n<ul>\n<li><strong>Acc\u00e8s \u00e0 leurs donn\u00e9es<\/strong>\u00a0(article 15 du RGPD)<\/li>\n<li><strong>Rectification et suppression<\/strong>\u00a0(articles 16-17 du RGPD)<\/li>\n<li><strong>Limitation du traitement<\/strong>\u00a0(article 18 du RGPD)<\/li>\n<li><strong>Portabilit\u00e9 des donn\u00e9es<\/strong>\u00a0(article 20 du RGPD)<\/li>\n<li><strong>Objection au traitement<\/strong>\u00a0(article 21 du RGPD)<\/li>\n<li><strong>Retrait du consentement<\/strong>\u00a0sans affecter la r\u00e9gularit\u00e9 du traitement ant\u00e9rieur<\/li>\n<\/ul>\n<p>Pour exercer ces droits, les utilisateurs peuvent contacter\u00a0<strong>privacy@boffi.com<\/strong>\u00a0ou\u00a0<strong>dpo.boffi@dpoprofessionalservice.it<\/strong>.<\/p>\n<p>En cas de violation, les utilisateurs peuvent d\u00e9poser une plainte aupr\u00e8s de\u00a0<strong>l&#8217;autorit\u00e9 italienne de protection des donn\u00e9es (https:\/\/www.garanteprivacy.it\/)<\/strong>\u00a0ou intenter une action en justice.<\/p>\n<ol start=\"9\">\n<li><strong> MODIFICATIONS DE CETTE POLITIQUE DE CONFIDENTIALIT\u00c9<\/strong><\/li>\n<\/ol>\n<p>Le responsable du traitement des donn\u00e9es se r\u00e9serve le droit de modifier cet avis. Les modifications seront publi\u00e9es avec la date de mise \u00e0 jour.<\/p>\n<p>\u00a0<\/p>\n\t\t\t\t\t\t\t\t<\/div>\n\t\t\t\t<\/div>\n\t\t\t\t\t<\/div>\n\t\t<\/div>\n\t\t\t\t\t<\/div>\n\t\t<\/section>\n\t\t\t\t<\/div>\n\t\t","protected":false},"excerpt":{"rendered":"<p>DOCUMENT D&#8217;INFORMATIONS CONFORM\u00c9MENT \u00c0 L&#8217;ARTICLE 13 DU R\u00c8GLEMENT (UE) 2016\/679 \u2013 RGPD Avis concernant le traitement des donn\u00e9es \u00e0 caract\u00e8re personnel collect\u00e9es aupr\u00e8s de la personne concern\u00e9e\/utilisateur \u2013 ET \u00c0 L&#8217;ARTICLE 130 \u2013 Communications non sollicit\u00e9es en vertu du D\u00e9cret l\u00e9gislatif 196\/2003 POURQUOI CES INFORMATIONS\u00a0? Conform\u00e9ment au R\u00e8glement (UE) 2016\/679 (ci-apr\u00e8s \u00ab\u00a0RGPD\u00a0\u00bb), cette page d\u00e9crit [&hellip;]<\/p>\n","protected":false},"author":2,"featured_media":0,"parent":0,"menu_order":0,"comment_status":"closed","ping_status":"closed","template":"","meta":{"_acf_changed":false,"footnotes":""},"class_list":["post-47674","page","type-page","status-publish","hentry"],"acf":[],"yoast_head":"<!-- This site is optimized with the Yoast SEO plugin v26.9 - https:\/\/yoast.com\/product\/yoast-seo-wordpress\/ -->\n<title>Pied de page Politique de confidentialit\u00e9 | Boffi Official Site<\/title>\n<meta name=\"description\" content=\"Politique de confidentialit\u00e9\u00a0: Informations sur le traitement des donn\u00e9es personnelles collect\u00e9es par BOFFI Spa. Finalit\u00e9, base juridique et p\u00e9riode de conservation des donn\u00e9es\" \/>\n<meta name=\"robots\" content=\"noindex, nofollow\" \/>\n<meta property=\"og:locale\" content=\"fr_FR\" \/>\n<meta property=\"og:type\" content=\"article\" \/>\n<meta property=\"og:title\" content=\"Pied de page Politique de confidentialit\u00e9 | Boffi Official Site\" \/>\n<meta property=\"og:description\" content=\"Politique de confidentialit\u00e9\u00a0: Informations sur le traitement des donn\u00e9es personnelles collect\u00e9es par BOFFI Spa. Finalit\u00e9, base juridique et p\u00e9riode de conservation des donn\u00e9es\" \/>\n<meta property=\"og:url\" content=\"https:\/\/www.boffi.com\/fr\/privacy-policy-general\/\" \/>\n<meta property=\"og:site_name\" content=\"Boffi Official Site\" \/>\n<meta property=\"article:publisher\" content=\"https:\/\/www.facebook.com\/BoffiOfficial\/\" \/>\n<meta property=\"article:modified_time\" content=\"2025-03-17T08:53:28+00:00\" \/>\n<meta property=\"og:image\" content=\"https:\/\/www.boffi.com\/wp-content\/uploads\/2024\/01\/Boffi90_Logo_1200x1200.png\" \/>\n\t<meta property=\"og:image:width\" content=\"1200\" \/>\n\t<meta property=\"og:image:height\" content=\"1200\" \/>\n\t<meta property=\"og:image:type\" content=\"image\/png\" \/>\n<meta name=\"twitter:card\" content=\"summary_large_image\" \/>\n<meta name=\"twitter:label1\" content=\"Dur\u00e9e de lecture estim\u00e9e\" \/>\n\t<meta name=\"twitter:data1\" content=\"4 minutes\" \/>\n<script type=\"application\/ld+json\" class=\"yoast-schema-graph\">{\"@context\":\"https:\/\/schema.org\",\"@graph\":[{\"@type\":\"WebPage\",\"@id\":\"https:\/\/www.boffi.com\/fr\/privacy-policy-general\/\",\"url\":\"https:\/\/www.boffi.com\/fr\/privacy-policy-general\/\",\"name\":\"Pied de page Politique de confidentialit\u00e9 | Boffi Official Site\",\"isPartOf\":{\"@id\":\"https:\/\/www.boffi.com\/fr\/#website\"},\"datePublished\":\"2025-02-22T10:55:23+00:00\",\"dateModified\":\"2025-03-17T08:53:28+00:00\",\"description\":\"Politique de confidentialit\u00e9\u00a0: Informations sur le traitement des donn\u00e9es personnelles collect\u00e9es par BOFFI Spa. Finalit\u00e9, base juridique et p\u00e9riode de conservation des donn\u00e9es\",\"inLanguage\":\"fr-FR\",\"potentialAction\":[{\"@type\":\"ReadAction\",\"target\":[\"https:\/\/www.boffi.com\/fr\/privacy-policy-general\/\"]}]},{\"@type\":\"WebSite\",\"@id\":\"https:\/\/www.boffi.com\/fr\/#website\",\"url\":\"https:\/\/www.boffi.com\/fr\/\",\"name\":\"Boffi\",\"description\":\"\",\"publisher\":{\"@id\":\"https:\/\/www.boffi.com\/fr\/#organization\"},\"potentialAction\":[{\"@type\":\"SearchAction\",\"target\":{\"@type\":\"EntryPoint\",\"urlTemplate\":\"https:\/\/www.boffi.com\/fr\/?s={search_term_string}\"},\"query-input\":{\"@type\":\"PropertyValueSpecification\",\"valueRequired\":true,\"valueName\":\"search_term_string\"}}],\"inLanguage\":\"fr-FR\"},{\"@type\":\"Organization\",\"@id\":\"https:\/\/www.boffi.com\/fr\/#organization\",\"name\":\"Boffi\",\"url\":\"https:\/\/www.boffi.com\/fr\/\",\"logo\":{\"@type\":\"ImageObject\",\"inLanguage\":\"fr-FR\",\"@id\":\"https:\/\/www.boffi.com\/fr\/#\/schema\/logo\/image\/\",\"url\":\"https:\/\/www.boffi.com\/wp-content\/uploads\/2024\/01\/Boffi90_Logo_1200x1200.png\",\"contentUrl\":\"https:\/\/www.boffi.com\/wp-content\/uploads\/2024\/01\/Boffi90_Logo_1200x1200.png\",\"width\":1200,\"height\":1200,\"caption\":\"Boffi\"},\"image\":{\"@id\":\"https:\/\/www.boffi.com\/fr\/#\/schema\/logo\/image\/\"},\"sameAs\":[\"https:\/\/www.facebook.com\/BoffiOfficial\/\",\"https:\/\/www.instagram.com\/boffi_official\/\",\"https:\/\/www.pinterest.it\/boffidepadova\/\"]}]}<\/script>\n<!-- \/ Yoast SEO plugin. -->","yoast_head_json":{"title":"Pied de page Politique de confidentialit\u00e9 | Boffi Official Site","description":"Politique de confidentialit\u00e9\u00a0: Informations sur le traitement des donn\u00e9es personnelles collect\u00e9es par BOFFI Spa. Finalit\u00e9, base juridique et p\u00e9riode de conservation des donn\u00e9es","robots":{"index":"noindex","follow":"nofollow"},"og_locale":"fr_FR","og_type":"article","og_title":"Pied de page Politique de confidentialit\u00e9 | Boffi Official Site","og_description":"Politique de confidentialit\u00e9\u00a0: Informations sur le traitement des donn\u00e9es personnelles collect\u00e9es par BOFFI Spa. Finalit\u00e9, base juridique et p\u00e9riode de conservation des donn\u00e9es","og_url":"https:\/\/www.boffi.com\/fr\/privacy-policy-general\/","og_site_name":"Boffi Official Site","article_publisher":"https:\/\/www.facebook.com\/BoffiOfficial\/","article_modified_time":"2025-03-17T08:53:28+00:00","og_image":[{"width":1200,"height":1200,"url":"https:\/\/www.boffi.com\/wp-content\/uploads\/2024\/01\/Boffi90_Logo_1200x1200.png","type":"image\/png"}],"twitter_card":"summary_large_image","twitter_misc":{"Dur\u00e9e de lecture estim\u00e9e":"4 minutes"},"schema":{"@context":"https:\/\/schema.org","@graph":[{"@type":"WebPage","@id":"https:\/\/www.boffi.com\/fr\/privacy-policy-general\/","url":"https:\/\/www.boffi.com\/fr\/privacy-policy-general\/","name":"Pied de page Politique de confidentialit\u00e9 | Boffi Official Site","isPartOf":{"@id":"https:\/\/www.boffi.com\/fr\/#website"},"datePublished":"2025-02-22T10:55:23+00:00","dateModified":"2025-03-17T08:53:28+00:00","description":"Politique de confidentialit\u00e9\u00a0: Informations sur le traitement des donn\u00e9es personnelles collect\u00e9es par BOFFI Spa. Finalit\u00e9, base juridique et p\u00e9riode de conservation des donn\u00e9es","inLanguage":"fr-FR","potentialAction":[{"@type":"ReadAction","target":["https:\/\/www.boffi.com\/fr\/privacy-policy-general\/"]}]},{"@type":"WebSite","@id":"https:\/\/www.boffi.com\/fr\/#website","url":"https:\/\/www.boffi.com\/fr\/","name":"Boffi","description":"","publisher":{"@id":"https:\/\/www.boffi.com\/fr\/#organization"},"potentialAction":[{"@type":"SearchAction","target":{"@type":"EntryPoint","urlTemplate":"https:\/\/www.boffi.com\/fr\/?s={search_term_string}"},"query-input":{"@type":"PropertyValueSpecification","valueRequired":true,"valueName":"search_term_string"}}],"inLanguage":"fr-FR"},{"@type":"Organization","@id":"https:\/\/www.boffi.com\/fr\/#organization","name":"Boffi","url":"https:\/\/www.boffi.com\/fr\/","logo":{"@type":"ImageObject","inLanguage":"fr-FR","@id":"https:\/\/www.boffi.com\/fr\/#\/schema\/logo\/image\/","url":"https:\/\/www.boffi.com\/wp-content\/uploads\/2024\/01\/Boffi90_Logo_1200x1200.png","contentUrl":"https:\/\/www.boffi.com\/wp-content\/uploads\/2024\/01\/Boffi90_Logo_1200x1200.png","width":1200,"height":1200,"caption":"Boffi"},"image":{"@id":"https:\/\/www.boffi.com\/fr\/#\/schema\/logo\/image\/"},"sameAs":["https:\/\/www.facebook.com\/BoffiOfficial\/","https:\/\/www.instagram.com\/boffi_official\/","https:\/\/www.pinterest.it\/boffidepadova\/"]}]}},"_links":{"self":[{"href":"https:\/\/www.boffi.com\/fr\/wp-json\/wp\/v2\/pages\/47674","targetHints":{"allow":["GET"]}}],"collection":[{"href":"https:\/\/www.boffi.com\/fr\/wp-json\/wp\/v2\/pages"}],"about":[{"href":"https:\/\/www.boffi.com\/fr\/wp-json\/wp\/v2\/types\/page"}],"author":[{"embeddable":true,"href":"https:\/\/www.boffi.com\/fr\/wp-json\/wp\/v2\/users\/2"}],"replies":[{"embeddable":true,"href":"https:\/\/www.boffi.com\/fr\/wp-json\/wp\/v2\/comments?post=47674"}],"version-history":[{"count":3,"href":"https:\/\/www.boffi.com\/fr\/wp-json\/wp\/v2\/pages\/47674\/revisions"}],"predecessor-version":[{"id":76790,"href":"https:\/\/www.boffi.com\/fr\/wp-json\/wp\/v2\/pages\/47674\/revisions\/76790"}],"wp:attachment":[{"href":"https:\/\/www.boffi.com\/fr\/wp-json\/wp\/v2\/media?parent=47674"}],"curies":[{"name":"wp","href":"https:\/\/api.w.org\/{rel}","templated":true}]}}