{"id":47693,"date":"2025-02-22T11:55:25","date_gmt":"2025-02-22T10:55:25","guid":{"rendered":"https:\/\/boffi.local\/?page_id=47693"},"modified":"2025-03-17T11:06:06","modified_gmt":"2025-03-17T10:06:06","slug":"cookie-policy","status":"publish","type":"page","link":"https:\/\/www.boffi.com\/fr\/cookie-policy\/","title":{"rendered":"Politique en mati\u00e8re de cookies"},"content":{"rendered":"\t\t<div data-elementor-type=\"wp-page\" data-elementor-id=\"47693\" class=\"elementor elementor-47693 elementor-42165\" data-elementor-post-type=\"page\">\n\t\t\t\t\t\t<section class=\"elementor-section elementor-top-section elementor-element elementor-element-142d701 elementor-section-boxed elementor-section-height-default elementor-section-height-default\" data-id=\"142d701\" data-element_type=\"section\">\n\t\t\t\t\t\t<div class=\"elementor-container elementor-column-gap-default\">\n\t\t\t\t\t<div class=\"elementor-column elementor-col-100 elementor-top-column elementor-element elementor-element-8a08406\" data-id=\"8a08406\" data-element_type=\"column\">\n\t\t\t<div class=\"elementor-widget-wrap elementor-element-populated\">\n\t\t\t\t\t\t<div class=\"elementor-element elementor-element-50cdea9 elementor-widget elementor-widget-heading\" data-id=\"50cdea9\" data-element_type=\"widget\" data-widget_type=\"heading.default\">\n\t\t\t\t<div class=\"elementor-widget-container\">\n\t\t\t\t\t<h1 class=\"elementor-heading-title elementor-size-default\">POLITIQUE EN MATI\u00c8RE DE COOKIES - Informations \u00e9tendues sur les cookies<\/h1>\t\t\t\t<\/div>\n\t\t\t\t<\/div>\n\t\t\t\t<div class=\"elementor-element elementor-element-8c99356 elementor-widget elementor-widget-text-editor\" data-id=\"8c99356\" data-element_type=\"widget\" data-widget_type=\"text-editor.default\">\n\t\t\t\t<div class=\"elementor-widget-container\">\n\t\t\t\t\t\t\t\t\t<h2><strong>Que sont les cookies<\/strong><\/h2>\n<p>Les cookies sont de petits fichiers texte que les sites visit\u00e9s par les utilisateurs envoient \u00e0 leurs terminaux, o\u00f9 ils sont stock\u00e9s avant d&#8217;\u00eatre retransmis aux m\u00eames sites lors de la prochaine visite. Les cookies des soi-disant \u00ab\u00a0tiers\u00a0\u00bb sont, en revanche, d\u00e9finis par un site Web diff\u00e9rent de celui visit\u00e9 par l&#8217;utilisateur. En effet, sur chaque site, il peut y avoir des \u00e9l\u00e9ments (images, cartes, sons, liens sp\u00e9cifiques vers des pages web d&#8217;autres domaines, etc.) qui r\u00e9sident sur des serveurs autres que celui du site visit\u00e9. Les cookies sont utilis\u00e9s \u00e0 diff\u00e9rentes fins\u00a0: authentification de l&#8217;ordinateur, surveillance des sessions, stockage d&#8217;informations sur des configurations sp\u00e9cifiques concernant les utilisateurs qui acc\u00e8dent au serveur, stockage des pr\u00e9f\u00e9rences, etc. Vous trouverez ci-dessous toutes les informations sur les cookies install\u00e9s sur ce site, ainsi que les instructions n\u00e9cessaires pour g\u00e9rer vos pr\u00e9f\u00e9rences \u00e0 leur sujet.<\/p>\n<p>Pour plus d&#8217;informations sur les cookies et leurs fonctions g\u00e9n\u00e9rales, visitez un site Web d\u2019information tel que <a href=\"http:\/\/www.allaboutcookies.org\/\">allaboutcookies.org<\/a><strong>\u00a0<\/strong><\/p>\n<h3>Exemples d&#8217;autres technologies<\/h3>\n<p><strong>Localstorage <\/strong><\/p>\n<p>est une technologie utilis\u00e9e pour optimiser la navigation, qui ne collecte pas de donn\u00e9es sur les pr\u00e9f\u00e9rences exprim\u00e9es par l&#8217;utilisateur (par exemple, il stocke un code qui identifie la session de l&#8217;utilisateur apr\u00e8s la connexion, pour \u00e9viter \u00e0 l&#8217;utilisateur d&#8217;avoir \u00e0 saisir son nom d&#8217;utilisateur et son mot de passe sur chaque page de profil lors de l&#8217;acc\u00e8s aux espaces r\u00e9serv\u00e9s.<\/p>\n<p><strong>Tracking pixel<\/strong><\/p>\n<p>\u00ab\u00a0Code de suivi\u00a0\u00bb ou \u00ab\u00a0code de surveillance\u00a0\u00bb, est pr\u00e9cis\u00e9ment une petite portion de code qui est lib\u00e9r\u00e9e par certains syst\u00e8mes dans le but d&#8217;\u00eatre mise en \u0153uvre dans d&#8217;autres pour suivre certaines donn\u00e9es relatives \u00e0 l&#8217;utilisateur et \u00e0 sa session de navigation ou \u00e0 l&#8217;ouverture de son courrier \u00e9lectronique, d&#8217;une mani\u00e8re totalement transparente pour l&#8217;utilisateur. Les donn\u00e9es suivies peuvent \u00eatre les plus diverses, telles que le jour et l&#8217;heure, l&#8217;emplacement g\u00e9ographique, le type d&#8217;appareil utilis\u00e9 pour la navigation, jusqu&#8217;aux pixels de suivi les plus complexes pour surveiller la valeur d\u00e9pens\u00e9e sur un bon de commande et d&#8217;autres informations utiles pour les services marketing des entreprises qui les utilisent.<\/p>\n<p><strong>Plugin<\/strong><\/p>\n<p>est un programme qui interagit avec un autre programme pour \u00e9largir ou \u00e9tendre ses fonctions d&#8217;origine. Les plugins les plus couramment utilis\u00e9s sont ceux des r\u00e9seaux sociaux, qui permettent par exemple \u00e0 l&#8217;utilisateur de suivre d&#8217;un clic une page ou un profil social, d&#8217;indiquer d&#8217;un clic qu&#8217;il a aim\u00e9 un contenu web et de le partager sur son profil de r\u00e9seau social, etc.<\/p>\n<p><strong>Widget<\/strong><\/p>\n<p>est un composant d&#8217;interface utilisateur graphique d&#8217;un programme, qui a pour but de faciliter l&#8217;interaction de l&#8217;utilisateur avec le programme lui-m\u00eame. Les widgets les plus couramment utilis\u00e9s sont ceux des r\u00e9seaux sociaux, qui permettent aux utilisateurs d&#8217;ouvrir facilement les r\u00e9seaux sociaux dans une fen\u00eatre de navigation s\u00e9par\u00e9e.<\/p>\n<p>Ces services permettent des interactions avec les r\u00e9seaux sociaux, ou avec d&#8217;autres plateformes externes, directement depuis les pages d&#8217;un site. Les interactions et les informations \u00e9ventuellement acquises par le site sont soumises aux param\u00e8tres de confidentialit\u00e9 du tiers qui a cr\u00e9\u00e9 les technologies susmentionn\u00e9es. Si vous souhaitez recevoir des informations d\u00e9taill\u00e9es conform\u00e9ment \u00e0 l&#8217;art. 13 du R\u00e8glement (UE) 2016\/679 relatif \u00e0 l&#8217;utilisation des donn\u00e9es \u00e0 caract\u00e8re personnel trait\u00e9es lorsque vous utilisez ces technologies, nous vous invitons \u00e0 consulter les sites Internet des gestionnaires tiers des technologies susmentionn\u00e9es.<\/p>\n<p>N&#8217;oubliez pas que vous pouvez \u00e9galement g\u00e9rer vos pr\u00e9f\u00e9rences en mati\u00e8re de cookies par le biais de votre navigateur.<\/p>\n<p>Si vous ne connaissez pas le type et la version du navigateur que vous utilisez, cliquez sur \u00ab\u00a0Aide\u00a0\u00bb dans la fen\u00eatre sup\u00e9rieure du navigateur, \u00e0 partir de laquelle vous pouvez acc\u00e9der \u00e0 toutes les informations n\u00e9cessaires. Si vous connaissez votre navigateur, cliquez sur celui que vous utilisez pour acc\u00e9der \u00e0 la page de gestion des cookies. Les utilisateurs peuvent, par exemple, trouver des informations sur la fa\u00e7on de g\u00e9rer les cookies dans certains des navigateurs les plus populaires aux adresses suivantes\u00a0:<\/p>\n<ul>\n<li><a href=\"https:\/\/support.google.com\/chrome\/answer\/95647?hl=it&amp;p=cpn_cookies\">Google Chrome<\/a><\/li>\n<li><a href=\"https:\/\/support.mozilla.org\/it\/kb\/Attivare%20e%20disattivare%20i%20cookie\">Mozilla Firefox<\/a><\/li>\n<li><a href=\"https:\/\/support.apple.com\/it-it\/guide\/safari\/manage-cookies-and-website-data-sfri11471\/\">Apple Safari<\/a><\/li>\n<li><a href=\"http:\/\/windows.microsoft.com\/it-it\/windows-vista\/block-or-allow-cookies\">Microsoft Internet Explorer<\/a><\/li>\n<li><a href=\"https:\/\/support.microsoft.com\/it-it\/help\/4027947\">Microsoft Edge<\/a><\/li>\n<li><a href=\"https:\/\/support.brave.com\/hc\/articles\/360022806212-How-do-I-use-Shields-while-browsing\">Brave<\/a><\/li>\n<li><a href=\"https:\/\/help.opera.com\/latest\/web-preferences\/#cookies\">Opera<\/a><\/li>\n<\/ul>\n<p>Pour plus d&#8217;informations, visitez la page<a href=\"http:\/\/www.youronlinechoices.eu\">www.youronlinechoices.eu<\/a><\/p>\n<h2>Cookies utilis\u00e9s par ce site<\/h2>\n<p>L&#8217;utilisation de cookies par le propri\u00e9taire de ce site, BOFFI S.p.A., Via Oberdan, 70 \u2013 20823 Lentate sul Seveso (MB), en la personne du repr\u00e9sentant l\u00e9gal pro-tempore e-mail de contact privacy@boffi.com fait partie de la politique de confidentialit\u00e9 du site lui-m\u00eame\u00a0; pour toutes les informations requises par l\u2019art. 13 du R\u00e8glement UE 2016\/679 \u2013 RGPD <a href=\"https:\/\/www.boffi.com\/fr\/privacy-policy-general\/\"><u>cliquez ici.<\/u><\/a><\/p>\n<p>La fermeture permanente de la banni\u00e8re affecte les r\u00e9glages par d\u00e9faut et par cons\u00e9quent la poursuite de la navigation en absence de cookies ou d\u2019autres outils de suivi, alternatifs aux outils techniques<\/p>\n<h3>Cookies techniques n\u2019exigeant aucun consentement<\/h3>\n<p>Cookies li\u00e9s \u00e0 des activit\u00e9s strictement n\u00e9cessaires \u00e0 l\u2019utilisation du site et \u00e0 la fourniture du service<\/p>\n\t\t\t\t\t\t\t\t<\/div>\n\t\t\t\t<\/div>\n\t\t\t\t<div class=\"elementor-element elementor-element-6bbfdc8 elementor-widget elementor-widget-html\" data-id=\"6bbfdc8\" data-element_type=\"widget\" data-widget_type=\"html.default\">\n\t\t\t\t<div class=\"elementor-widget-container\">\n\t\t\t\t\t<a href=\"https:\/\/www.iubenda.com\/privacy-policy\/37160390\/cookie-policy\/section\/technical-cookies\" class=\"iubenda-nostyle no-brand iubenda-noiframe iubenda-embed iub-legal-only iubenda-noiframe iub-body-embed\" title=\"Politique relative aux Cookies\">Politique relative aux Cookies<\/a><script type=\"text\/javascript\">(function (w,d) {var loader = function () {var s = d.createElement(\"script\"), tag = d.getElementsByTagName(\"script\")[0]; s.src=\"https:\/\/cdn.iubenda.com\/iubenda.js\"; tag.parentNode.insertBefore(s,tag);}; if(w.addEventListener){w.addEventListener(\"load\", loader, false);}else if(w.attachEvent){w.attachEvent(\"onload\", loader);}else{w.onload = loader;}})(window, document);<\/script>\t\t\t\t<\/div>\n\t\t\t\t<\/div>\n\t\t\t\t<div class=\"elementor-element elementor-element-22066b4 elementor-widget elementor-widget-html\" data-id=\"22066b4\" data-element_type=\"widget\" data-widget_type=\"html.default\">\n\t\t\t\t<div class=\"elementor-widget-container\">\n\t\t\t\t\t<a href=\"https:\/\/www.iubenda.com\/privacy-policy\/37160390\/cookie-policy\/section\/other-types-cookies\" class=\"iubenda-nostyle no-brand iubenda-noiframe iubenda-embed iub-legal-only iubenda-noiframe iub-body-embed\" title=\"Politique relative aux Cookies\">Politique relative aux Cookies<\/a><script type=\"text\/javascript\">(function (w,d) {var loader = function () {var s = d.createElement(\"script\"), tag = d.getElementsByTagName(\"script\")[0]; s.src=\"https:\/\/cdn.iubenda.com\/iubenda.js\"; tag.parentNode.insertBefore(s,tag);}; if(w.addEventListener){w.addEventListener(\"load\", loader, false);}else if(w.attachEvent){w.attachEvent(\"onload\", loader);}else{w.onload = loader;}})(window, document);<\/script>\t\t\t\t<\/div>\n\t\t\t\t<\/div>\n\t\t\t\t<div class=\"elementor-element elementor-element-cf7ea47 elementor-widget elementor-widget-text-editor\" data-id=\"cf7ea47\" data-element_type=\"widget\" data-widget_type=\"text-editor.default\">\n\t\t\t\t<div class=\"elementor-widget-container\">\n\t\t\t\t\t\t\t\t\t<p>Mis \u00e0 jour le 13 juillet 2023<\/p>\n\t\t\t\t\t\t\t\t<\/div>\n\t\t\t\t<\/div>\n\t\t\t\t\t<\/div>\n\t\t<\/div>\n\t\t\t\t\t<\/div>\n\t\t<\/section>\n\t\t\t\t<\/div>\n\t\t","protected":false},"excerpt":{"rendered":"<p>POLITIQUE EN MATI\u00c8RE DE COOKIES &#8211; Informations \u00e9tendues sur les cookies Que sont les cookies Les cookies sont de petits fichiers texte que les sites visit\u00e9s par les utilisateurs envoient \u00e0 leurs terminaux, o\u00f9 ils sont stock\u00e9s avant d&#8217;\u00eatre retransmis aux m\u00eames sites lors de la prochaine visite. Les cookies des soi-disant \u00ab\u00a0tiers\u00a0\u00bb sont, en [&hellip;]<\/p>\n","protected":false},"author":2,"featured_media":0,"parent":0,"menu_order":0,"comment_status":"closed","ping_status":"closed","template":"","meta":{"_acf_changed":false,"footnotes":""},"class_list":["post-47693","page","type-page","status-publish","hentry"],"acf":[],"yoast_head":"<!-- This site is optimized with the Yoast SEO plugin v26.9 - https:\/\/yoast.com\/product\/yoast-seo-wordpress\/ -->\n<title>Politique en mati\u00e8re de cookies | Boffi Official Site<\/title>\n<meta name=\"robots\" content=\"noindex, nofollow\" \/>\n<meta property=\"og:locale\" content=\"fr_FR\" \/>\n<meta property=\"og:type\" content=\"article\" \/>\n<meta property=\"og:title\" content=\"Politique en mati\u00e8re de cookies | Boffi Official Site\" \/>\n<meta property=\"og:description\" content=\"POLITIQUE EN MATI\u00c8RE DE COOKIES &#8211; Informations \u00e9tendues sur les cookies Que sont les cookies Les cookies sont de petits fichiers texte que les sites visit\u00e9s par les utilisateurs envoient \u00e0 leurs terminaux, o\u00f9 ils sont stock\u00e9s avant d&#8217;\u00eatre retransmis aux m\u00eames sites lors de la prochaine visite. Les cookies des soi-disant \u00ab\u00a0tiers\u00a0\u00bb sont, en [&hellip;]\" \/>\n<meta property=\"og:url\" content=\"https:\/\/www.boffi.com\/fr\/cookie-policy\/\" \/>\n<meta property=\"og:site_name\" content=\"Boffi Official Site\" \/>\n<meta property=\"article:publisher\" content=\"https:\/\/www.facebook.com\/BoffiOfficial\/\" \/>\n<meta property=\"article:modified_time\" content=\"2025-03-17T10:06:06+00:00\" \/>\n<meta property=\"og:image\" content=\"https:\/\/www.boffi.com\/wp-content\/uploads\/2024\/01\/Boffi90_Logo_1200x1200.png\" \/>\n\t<meta property=\"og:image:width\" content=\"1200\" \/>\n\t<meta property=\"og:image:height\" content=\"1200\" \/>\n\t<meta property=\"og:image:type\" content=\"image\/png\" \/>\n<meta name=\"twitter:card\" content=\"summary_large_image\" \/>\n<meta name=\"twitter:label1\" content=\"Dur\u00e9e de lecture estim\u00e9e\" \/>\n\t<meta name=\"twitter:data1\" content=\"5 minutes\" \/>\n<script type=\"application\/ld+json\" class=\"yoast-schema-graph\">{\"@context\":\"https:\/\/schema.org\",\"@graph\":[{\"@type\":\"WebPage\",\"@id\":\"https:\/\/www.boffi.com\/fr\/cookie-policy\/\",\"url\":\"https:\/\/www.boffi.com\/fr\/cookie-policy\/\",\"name\":\"Politique en mati\u00e8re de cookies | Boffi Official Site\",\"isPartOf\":{\"@id\":\"https:\/\/www.boffi.com\/fr\/#website\"},\"datePublished\":\"2025-02-22T10:55:25+00:00\",\"dateModified\":\"2025-03-17T10:06:06+00:00\",\"inLanguage\":\"fr-FR\",\"potentialAction\":[{\"@type\":\"ReadAction\",\"target\":[\"https:\/\/www.boffi.com\/fr\/cookie-policy\/\"]}]},{\"@type\":\"WebSite\",\"@id\":\"https:\/\/www.boffi.com\/fr\/#website\",\"url\":\"https:\/\/www.boffi.com\/fr\/\",\"name\":\"Boffi\",\"description\":\"\",\"publisher\":{\"@id\":\"https:\/\/www.boffi.com\/fr\/#organization\"},\"potentialAction\":[{\"@type\":\"SearchAction\",\"target\":{\"@type\":\"EntryPoint\",\"urlTemplate\":\"https:\/\/www.boffi.com\/fr\/?s={search_term_string}\"},\"query-input\":{\"@type\":\"PropertyValueSpecification\",\"valueRequired\":true,\"valueName\":\"search_term_string\"}}],\"inLanguage\":\"fr-FR\"},{\"@type\":\"Organization\",\"@id\":\"https:\/\/www.boffi.com\/fr\/#organization\",\"name\":\"Boffi\",\"url\":\"https:\/\/www.boffi.com\/fr\/\",\"logo\":{\"@type\":\"ImageObject\",\"inLanguage\":\"fr-FR\",\"@id\":\"https:\/\/www.boffi.com\/fr\/#\/schema\/logo\/image\/\",\"url\":\"https:\/\/www.boffi.com\/wp-content\/uploads\/2024\/01\/Boffi90_Logo_1200x1200.png\",\"contentUrl\":\"https:\/\/www.boffi.com\/wp-content\/uploads\/2024\/01\/Boffi90_Logo_1200x1200.png\",\"width\":1200,\"height\":1200,\"caption\":\"Boffi\"},\"image\":{\"@id\":\"https:\/\/www.boffi.com\/fr\/#\/schema\/logo\/image\/\"},\"sameAs\":[\"https:\/\/www.facebook.com\/BoffiOfficial\/\",\"https:\/\/www.instagram.com\/boffi_official\/\",\"https:\/\/www.pinterest.it\/boffidepadova\/\"]}]}<\/script>\n<!-- \/ Yoast SEO plugin. -->","yoast_head_json":{"title":"Politique en mati\u00e8re de cookies | Boffi Official Site","robots":{"index":"noindex","follow":"nofollow"},"og_locale":"fr_FR","og_type":"article","og_title":"Politique en mati\u00e8re de cookies | Boffi Official Site","og_description":"POLITIQUE EN MATI\u00c8RE DE COOKIES &#8211; Informations \u00e9tendues sur les cookies Que sont les cookies Les cookies sont de petits fichiers texte que les sites visit\u00e9s par les utilisateurs envoient \u00e0 leurs terminaux, o\u00f9 ils sont stock\u00e9s avant d&#8217;\u00eatre retransmis aux m\u00eames sites lors de la prochaine visite. Les cookies des soi-disant \u00ab\u00a0tiers\u00a0\u00bb sont, en [&hellip;]","og_url":"https:\/\/www.boffi.com\/fr\/cookie-policy\/","og_site_name":"Boffi Official Site","article_publisher":"https:\/\/www.facebook.com\/BoffiOfficial\/","article_modified_time":"2025-03-17T10:06:06+00:00","og_image":[{"width":1200,"height":1200,"url":"https:\/\/www.boffi.com\/wp-content\/uploads\/2024\/01\/Boffi90_Logo_1200x1200.png","type":"image\/png"}],"twitter_card":"summary_large_image","twitter_misc":{"Dur\u00e9e de lecture estim\u00e9e":"5 minutes"},"schema":{"@context":"https:\/\/schema.org","@graph":[{"@type":"WebPage","@id":"https:\/\/www.boffi.com\/fr\/cookie-policy\/","url":"https:\/\/www.boffi.com\/fr\/cookie-policy\/","name":"Politique en mati\u00e8re de cookies | Boffi Official Site","isPartOf":{"@id":"https:\/\/www.boffi.com\/fr\/#website"},"datePublished":"2025-02-22T10:55:25+00:00","dateModified":"2025-03-17T10:06:06+00:00","inLanguage":"fr-FR","potentialAction":[{"@type":"ReadAction","target":["https:\/\/www.boffi.com\/fr\/cookie-policy\/"]}]},{"@type":"WebSite","@id":"https:\/\/www.boffi.com\/fr\/#website","url":"https:\/\/www.boffi.com\/fr\/","name":"Boffi","description":"","publisher":{"@id":"https:\/\/www.boffi.com\/fr\/#organization"},"potentialAction":[{"@type":"SearchAction","target":{"@type":"EntryPoint","urlTemplate":"https:\/\/www.boffi.com\/fr\/?s={search_term_string}"},"query-input":{"@type":"PropertyValueSpecification","valueRequired":true,"valueName":"search_term_string"}}],"inLanguage":"fr-FR"},{"@type":"Organization","@id":"https:\/\/www.boffi.com\/fr\/#organization","name":"Boffi","url":"https:\/\/www.boffi.com\/fr\/","logo":{"@type":"ImageObject","inLanguage":"fr-FR","@id":"https:\/\/www.boffi.com\/fr\/#\/schema\/logo\/image\/","url":"https:\/\/www.boffi.com\/wp-content\/uploads\/2024\/01\/Boffi90_Logo_1200x1200.png","contentUrl":"https:\/\/www.boffi.com\/wp-content\/uploads\/2024\/01\/Boffi90_Logo_1200x1200.png","width":1200,"height":1200,"caption":"Boffi"},"image":{"@id":"https:\/\/www.boffi.com\/fr\/#\/schema\/logo\/image\/"},"sameAs":["https:\/\/www.facebook.com\/BoffiOfficial\/","https:\/\/www.instagram.com\/boffi_official\/","https:\/\/www.pinterest.it\/boffidepadova\/"]}]}},"_links":{"self":[{"href":"https:\/\/www.boffi.com\/fr\/wp-json\/wp\/v2\/pages\/47693","targetHints":{"allow":["GET"]}}],"collection":[{"href":"https:\/\/www.boffi.com\/fr\/wp-json\/wp\/v2\/pages"}],"about":[{"href":"https:\/\/www.boffi.com\/fr\/wp-json\/wp\/v2\/types\/page"}],"author":[{"embeddable":true,"href":"https:\/\/www.boffi.com\/fr\/wp-json\/wp\/v2\/users\/2"}],"replies":[{"embeddable":true,"href":"https:\/\/www.boffi.com\/fr\/wp-json\/wp\/v2\/comments?post=47693"}],"version-history":[{"count":7,"href":"https:\/\/www.boffi.com\/fr\/wp-json\/wp\/v2\/pages\/47693\/revisions"}],"predecessor-version":[{"id":76809,"href":"https:\/\/www.boffi.com\/fr\/wp-json\/wp\/v2\/pages\/47693\/revisions\/76809"}],"wp:attachment":[{"href":"https:\/\/www.boffi.com\/fr\/wp-json\/wp\/v2\/media?parent=47693"}],"curies":[{"name":"wp","href":"https:\/\/api.w.org\/{rel}","templated":true}]}}